{"id":550,"date":"2023-02-21T20:33:51","date_gmt":"2023-02-21T20:33:51","guid":{"rendered":"http:\/\/hostacmee.space\/demo\/apper\/?page_id=550"},"modified":"2025-05-23T11:54:05","modified_gmt":"2025-05-23T11:54:05","slug":"home-wave","status":"publish","type":"page","link":"https:\/\/mindore.io\/","title":{"rendered":"Mindore"},"content":{"rendered":"\t\t<div data-elementor-type=\"wp-page\" data-elementor-id=\"550\" class=\"elementor elementor-550\">\n\t\t\t\t\t\t<section class=\"elementor-section elementor-top-section elementor-element elementor-element-7b99d47 elementor-section-boxed elementor-section-height-default elementor-section-height-default acm_section_full right\" data-id=\"7b99d47\" data-element_type=\"section\" data-settings=\"{&quot;background_background&quot;:&quot;classic&quot;}\">\n\t\t\t\t\t\t<div class=\"elementor-container elementor-column-gap-default\">\n\t\t\t\t\t<div class=\"elementor-column elementor-col-50 elementor-top-column elementor-element elementor-element-a5b93e1\" data-id=\"a5b93e1\" data-element_type=\"column\">\n\t\t\t<div class=\"elementor-widget-wrap elementor-element-populated\">\n\t\t\t\t\t\t<div class=\"elementor-element elementor-element-057ac41 elementor-widget elementor-widget-apper_heading\" data-id=\"057ac41\" data-element_type=\"widget\" data-widget_type=\"apper_heading.default\">\n\t\t\t\t<div class=\"elementor-widget-container\">\n\t\t\t\t\t\t\t<div class=\"acm-heading no-line content-left-align\">\n\t\t\t\t\t\t\t\t\t\t<h2 class=\"acm-title\">Zihni susturan su terapisini \u015fimdi dene\t\t\t\t\t\t\t\t\t\t\t\t\t\t<\/h2>\n\t\t\t\t\t\t\t\t\t<div class=\"acm_heading-desc\"><p>Su sesi terapisiyle an\u0131nda uyu, bilimsel tekniklerle zihninizi zahmetsizce sakinle\u015ftirin.<\/p><\/div>\n\t\t\t\t\t\t\t\t<div class=\"acm-heading-border\"><\/div>\n\t\t\t\n\t\t<\/div>\n\n\t\t\t\t\t\t<\/div>\n\t\t\t\t<\/div>\n\t\t\t\t<div class=\"elementor-element elementor-element-5e6f392 elementor-widget elementor-widget-apper_img_button\" data-id=\"5e6f392\" data-element_type=\"widget\" data-widget_type=\"apper_img_button.default\">\n\t\t\t\t<div class=\"elementor-widget-container\">\n\t\t\t\t\t\n\t\t<div class=\"acm-button-wrap btn-dual btn-left\">\n\t\t\t<a class=\"acm-button acm_py-3 acm_inline-block acm_px-10 acm_no-underline acm_mt-0 acm_text-sm acm-btn-outline acm-btn-outline\"\n\t\t\t\thref=\"https:\/\/apps.apple.com\/tr\/app\/mindore\/id6744100421?platform=iphone&#038;ppid=f1cc2705-83ad-4761-a5af-b2f3efcf4b77\">\n\t\t\t<\/a>\n\t\t\t\t\t\t\t<a class=\"acm-button acm-button-second acm_py-3 acm_inline-block acm_px-10 acm_no-underline acm_mt-0 acm_text-sm acm-btn-outline acm-btn-outline\"\n\t\t\t\t\thref=\"https:\/\/play.google.com\/store\/apps\/details?id=com.inceplearn.mindore&#038;hl=tr\">\n\t\t\t\t<\/a>\n\t\t\t\t\t<\/div>\n\n\t\t\t\t\t\t<\/div>\n\t\t\t\t<\/div>\n\t\t\t\t\t<\/div>\n\t\t<\/div>\n\t\t\t\t<div class=\"elementor-column elementor-col-50 elementor-top-column elementor-element elementor-element-5686325\" data-id=\"5686325\" data-element_type=\"column\">\n\t\t\t<div class=\"elementor-widget-wrap elementor-element-populated\">\n\t\t\t\t\t\t<div class=\"elementor-element elementor-element-72dddaa elementor-widget__width-initial elementor-widget elementor-widget-apper_img_anim\" data-id=\"72dddaa\" data-element_type=\"widget\" data-widget_type=\"apper_img_anim.default\">\n\t\t\t\t<div class=\"elementor-widget-container\">\n\t\t\t\t\t\n<div class=\"acm-image-animator clr\">\n\n    <div class=\"app-previews\" >\n      <div class=\"app-preview-one\">\n        <img fetchpriority=\"high\" decoding=\"async\" width=\"360\" height=\"775\" src=\"https:\/\/mindore.io\/wp-content\/uploads\/2025\/05\/1-1.png\" class=\"moving_position_animation\" alt=\"\" srcset=\"https:\/\/mindore.io\/wp-content\/uploads\/2025\/05\/1-1.png 360w, https:\/\/mindore.io\/wp-content\/uploads\/2025\/05\/1-1-139x300.png 139w\" sizes=\"(max-width: 360px) 100vw, 360px\" \/>      <\/div>\n\n      <div class=\"app-preview-two\">\n        <img decoding=\"async\" width=\"360\" height=\"775\" src=\"https:\/\/mindore.io\/wp-content\/uploads\/2025\/05\/2-1.png\" class=\"moving_animation\" alt=\"\" srcset=\"https:\/\/mindore.io\/wp-content\/uploads\/2025\/05\/2-1.png 360w, https:\/\/mindore.io\/wp-content\/uploads\/2025\/05\/2-1-139x300.png 139w\" sizes=\"(max-width: 360px) 100vw, 360px\" \/>      <\/div>\n\n      <div class=\"app-preview-three\">\n              <\/div>\n    <\/div>\n\n<\/div>\n\n\t\t\t\t<\/div>\n\t\t\t\t<\/div>\n\t\t\t\t\t<\/div>\n\t\t<\/div>\n\t\t\t\t\t<\/div>\n\t\t<\/section>\n\t\t\t\t<section class=\"elementor-section elementor-top-section elementor-element elementor-element-a259e02 elementor-section-full_width elementor-section-height-default elementor-section-height-default acm_section_full right\" data-id=\"a259e02\" data-element_type=\"section\">\n\t\t\t\t\t\t<div class=\"elementor-container elementor-column-gap-no\">\n\t\t\t\t\t<div class=\"elementor-column elementor-col-100 elementor-top-column elementor-element elementor-element-a28546a\" data-id=\"a28546a\" data-element_type=\"column\">\n\t\t\t<div class=\"elementor-widget-wrap elementor-element-populated\">\n\t\t\t\t\t\t<div class=\"elementor-element elementor-element-987c311 elementor-widget elementor-widget-apper_section_divider\" data-id=\"987c311\" data-element_type=\"widget\" data-widget_type=\"apper_section_divider.default\">\n\t\t\t\t<div class=\"elementor-widget-container\">\n\t\t\t\t\t    <div class=\"acm_divider divider-2\">\n\n          <div class=\"acm_divider-2 acm_divider-waves-wrap\">\n        <svg class=\"acm_divider-waves waves-animated\" xmlns=\"http:\/\/www.w3.org\/2000\/svg\" xmlns:xlink=\"http:\/\/www.w3.org\/1999\/xlink\"\n        viewBox=\"0 24 150 28\" preserveAspectRatio=\"none\" shape-rendering=\"auto\">\n        <defs>\n        <path id=\"gentle-wave\" d=\"M-160 44c30 0 58-18 88-18s 58 18 88 18 58-18 88-18 58 18 88 18 v44h-352z\" \/>\n        <\/defs>\n        <g class=\"parallax\">\n        <use xlink:href=\"#gentle-wave\" x=\"48\" y=\"0\" fill=\"rgba(255,255,255,0.7\" \/>\n        <use xlink:href=\"#gentle-wave\" x=\"48\" y=\"3\" fill=\"rgba(255,255,255,0.5)\" \/>\n        <use xlink:href=\"#gentle-wave\" x=\"48\" y=\"5\" fill=\"rgba(255,255,255,0.3)\" \/>\n        <use xlink:href=\"#gentle-wave\" x=\"48\" y=\"7\" fill=\"#f6f4fe\" \/>\n        <\/g>\n        <\/svg>\n      <\/div>\n    \t\t\t\t<\/div>\n\t\t\t\t<\/div>\n\t\t\t\t\t<\/div>\n\t\t<\/div>\n\t\t\t\t\t<\/div>\n\t\t<\/section>\n\t\t\t\t<section class=\"elementor-section elementor-top-section elementor-element elementor-element-c6f32a2 elementor-section-boxed elementor-section-height-default elementor-section-height-default acm_section_full right\" data-id=\"c6f32a2\" data-element_type=\"section\">\n\t\t\t\t\t\t<div class=\"elementor-container elementor-column-gap-default\">\n\t\t\t\t\t<div class=\"elementor-column elementor-col-100 elementor-top-column elementor-element elementor-element-9d35048\" data-id=\"9d35048\" data-element_type=\"column\">\n\t\t\t<div class=\"elementor-widget-wrap elementor-element-populated\">\n\t\t\t\t\t\t<div class=\"elementor-element elementor-element-3204758 elementor-widget elementor-widget-apper_screen_slider\" data-id=\"3204758\" data-element_type=\"widget\" data-widget_type=\"apper_screen_slider.default\">\n\t\t\t\t<div class=\"elementor-widget-container\">\n\t\t\t\t\t\n\t\t<div class=\"acm_screen-slider-wrap clr\">\n\t\t\t<div class=\"owl-carousel acm_screen-slider owl-theme\">\n\t\t\t\t\t\t\t\t\t\t<div class=\"item\">\n\n\t\t\t\t\t\t\t<div class=\"screen_frame_img\">\n\n\t\t\t\t\t\t\t\t\t\t\t\t\t\t\t\t\t\t<img decoding=\"async\" width=\"360\" height=\"775\" src=\"https:\/\/mindore.io\/wp-content\/uploads\/2025\/05\/1-1.png\" class=\"attachment-full size-full\" alt=\"\" srcset=\"https:\/\/mindore.io\/wp-content\/uploads\/2025\/05\/1-1.png 360w, https:\/\/mindore.io\/wp-content\/uploads\/2025\/05\/1-1-139x300.png 139w\" sizes=\"(max-width: 360px) 100vw, 360px\" \/>\t\t\t\t\t\t\t\t\t\t\t\t\t\t\t\t\t\t\t\t\t\t\t\t\t<\/div>\n\t\t\t\t\t\t<\/div>\n\t\t\t\t\t\t\t\t\t\t\t\t<div class=\"item\">\n\n\t\t\t\t\t\t\t<div class=\"screen_frame_img\">\n\n\t\t\t\t\t\t\t\t\t\t\t\t\t\t\t\t\t\t<img loading=\"lazy\" decoding=\"async\" width=\"360\" height=\"775\" src=\"https:\/\/mindore.io\/wp-content\/uploads\/2025\/05\/2-1.png\" class=\"attachment-full size-full\" alt=\"\" srcset=\"https:\/\/mindore.io\/wp-content\/uploads\/2025\/05\/2-1.png 360w, https:\/\/mindore.io\/wp-content\/uploads\/2025\/05\/2-1-139x300.png 139w\" sizes=\"(max-width: 360px) 100vw, 360px\" \/>\t\t\t\t\t\t\t\t\t\t\t\t\t\t\t\t\t\t\t\t\t\t\t\t\t<\/div>\n\t\t\t\t\t\t<\/div>\n\t\t\t\t\t\t\t\t\t\t\t\t<div class=\"item\">\n\n\t\t\t\t\t\t\t<div class=\"screen_frame_img\">\n\n\t\t\t\t\t\t\t\t\t\t\t\t\t\t\t\t\t\t<img loading=\"lazy\" decoding=\"async\" width=\"360\" height=\"775\" src=\"https:\/\/mindore.io\/wp-content\/uploads\/2025\/05\/3-1.png\" class=\"attachment-full size-full\" alt=\"\" srcset=\"https:\/\/mindore.io\/wp-content\/uploads\/2025\/05\/3-1.png 360w, https:\/\/mindore.io\/wp-content\/uploads\/2025\/05\/3-1-139x300.png 139w\" sizes=\"(max-width: 360px) 100vw, 360px\" \/>\t\t\t\t\t\t\t\t\t\t\t\t\t\t\t\t\t\t\t\t\t\t\t\t\t<\/div>\n\t\t\t\t\t\t<\/div>\n\t\t\t\t\t\t\t\t\t\t\t\t<div class=\"item\">\n\n\t\t\t\t\t\t\t<div class=\"screen_frame_img\">\n\n\t\t\t\t\t\t\t\t\t\t\t\t\t\t\t\t\t\t<img loading=\"lazy\" decoding=\"async\" width=\"360\" height=\"775\" src=\"https:\/\/mindore.io\/wp-content\/uploads\/2025\/05\/4-1.png\" class=\"attachment-full size-full\" alt=\"\" srcset=\"https:\/\/mindore.io\/wp-content\/uploads\/2025\/05\/4-1.png 360w, https:\/\/mindore.io\/wp-content\/uploads\/2025\/05\/4-1-139x300.png 139w\" sizes=\"(max-width: 360px) 100vw, 360px\" \/>\t\t\t\t\t\t\t\t\t\t\t\t\t\t\t\t\t\t\t\t\t\t\t\t\t<\/div>\n\t\t\t\t\t\t<\/div>\n\t\t\t\t\t\t\t\t\t\t\t\t<div class=\"item\">\n\n\t\t\t\t\t\t\t<div class=\"screen_frame_img\">\n\n\t\t\t\t\t\t\t\t\t\t\t\t\t\t\t\t\t\t<img loading=\"lazy\" decoding=\"async\" width=\"360\" height=\"775\" src=\"https:\/\/mindore.io\/wp-content\/uploads\/2025\/05\/5-1.png\" class=\"attachment-full size-full\" alt=\"\" srcset=\"https:\/\/mindore.io\/wp-content\/uploads\/2025\/05\/5-1.png 360w, https:\/\/mindore.io\/wp-content\/uploads\/2025\/05\/5-1-139x300.png 139w\" sizes=\"(max-width: 360px) 100vw, 360px\" \/>\t\t\t\t\t\t\t\t\t\t\t\t\t\t\t\t\t\t\t\t\t\t\t\t\t<\/div>\n\t\t\t\t\t\t<\/div>\n\t\t\t\t\t\t\t\t\t\t\t\t<div class=\"item\">\n\n\t\t\t\t\t\t\t<div class=\"screen_frame_img\">\n\n\t\t\t\t\t\t\t\t\t\t\t\t\t\t\t\t\t\t<img loading=\"lazy\" decoding=\"async\" width=\"360\" height=\"775\" src=\"https:\/\/mindore.io\/wp-content\/uploads\/2025\/05\/6-1.png\" class=\"attachment-full size-full\" alt=\"\" srcset=\"https:\/\/mindore.io\/wp-content\/uploads\/2025\/05\/6-1.png 360w, https:\/\/mindore.io\/wp-content\/uploads\/2025\/05\/6-1-139x300.png 139w\" sizes=\"(max-width: 360px) 100vw, 360px\" \/>\t\t\t\t\t\t\t\t\t\t\t\t\t\t\t\t\t\t\t\t\t\t\t\t\t<\/div>\n\t\t\t\t\t\t<\/div>\n\t\t\t\t\t\t\n\t\t\t<\/div>\n\t\t<\/div>\n\n\t\t\t\t\t\t<\/div>\n\t\t\t\t<\/div>\n\t\t\t\t\t<\/div>\n\t\t<\/div>\n\t\t\t\t\t<\/div>\n\t\t<\/section>\n\t\t\t\t<\/div>\n\t\t","protected":false},"excerpt":{"rendered":"<p>Zihni susturan su terapisini \u015fimdi dene Su sesi terapisiyle an\u0131nda uyu, bilimsel tekniklerle zihninizi zahmetsizce sakinle\u015ftirin.<\/p>\n","protected":false},"author":1,"featured_media":0,"parent":0,"menu_order":0,"comment_status":"closed","ping_status":"closed","template":"elementor_header_footer","meta":{"footnotes":""},"class_list":["post-550","page","type-page","status-publish","hentry","entry"],"_links":{"self":[{"href":"https:\/\/mindore.io\/index.php?rest_route=\/wp\/v2\/pages\/550","targetHints":{"allow":["GET"]}}],"collection":[{"href":"https:\/\/mindore.io\/index.php?rest_route=\/wp\/v2\/pages"}],"about":[{"href":"https:\/\/mindore.io\/index.php?rest_route=\/wp\/v2\/types\/page"}],"author":[{"embeddable":true,"href":"https:\/\/mindore.io\/index.php?rest_route=\/wp\/v2\/users\/1"}],"replies":[{"embeddable":true,"href":"https:\/\/mindore.io\/index.php?rest_route=%2Fwp%2Fv2%2Fcomments&post=550"}],"version-history":[{"count":58,"href":"https:\/\/mindore.io\/index.php?rest_route=\/wp\/v2\/pages\/550\/revisions"}],"predecessor-version":[{"id":1832,"href":"https:\/\/mindore.io\/index.php?rest_route=\/wp\/v2\/pages\/550\/revisions\/1832"}],"wp:attachment":[{"href":"https:\/\/mindore.io\/index.php?rest_route=%2Fwp%2Fv2%2Fmedia&parent=550"}],"curies":[{"name":"wp","href":"https:\/\/api.w.org\/{rel}","templated":true}]}}